{"id":3623,"date":"2023-10-30T13:49:36","date_gmt":"2023-10-30T16:49:36","guid":{"rendered":"http:\/\/serratsrl.com.ar\/quem-somos\/"},"modified":"2025-06-11T00:06:48","modified_gmt":"2025-06-11T03:06:48","slug":"quienes-somos","status":"publish","type":"page","link":"https:\/\/serratsrl.com.ar\/pt-br\/quienes-somos\/","title":{"rendered":"Quem somos"},"content":{"rendered":"\n<div style=\"height:30px\" aria-hidden=\"true\" class=\"wp-block-spacer d-none d-md-block\"><\/div>\n\n\n<div class=\"quienes-somos-card container\">\n\t<div class=\"row\">\n\t\t\t\t<div class=\"col-12 col-md-6 order-2 \">\n\t\t\t<img decoding=\"async\" class=\"quienes-somos-card__image mt-md-4\" src=\"https:\/\/serratsrl.com.ar\/wp-content\/uploads\/2024\/08\/quienes.jpg\" alt=\"Imagen\">\n\t\t<\/div>\n\t\t\t\t<div class=\"col-12 col-md-6 quienes-somos-card__content\">\n\t\t\t<div class=\"line\"><\/div>\n\t\t\t<h3 class=\"quienes-somos-card__titulo\">Quem somos<\/h3>\n\t\t\t<p ><p>Serrat S.R.L. \u00e9 uma empresa l\u00edder no desenvolvimento, produ\u00e7\u00e3o e comercializa\u00e7\u00e3o de pe\u00e7as de borracha e pl\u00e1stico termosoprado para os setores automotivo e agroindustrial, para o mercado nacional e internacional.<\/p>\n<p>Engenharia, ferramentaria pr\u00f3pria, pessoal altamente capacitado, amplas instala\u00e7\u00f5es, utiliza\u00e7\u00e3o de maquin\u00e1rios com tecnologia de ponta em todos os processos, emprego de mat\u00e9rias-primas de primeira qualidade \u2013 tudo isso somado \u00e0 nossa premissa de trabalhar dentro de um contexto de evolu\u00e7\u00e3o cont\u00ednua nos permite oferecer aos nossos clientes um produto de excelente qualidade.<\/p>\n<\/p>\n\t\t<\/div>\n\t<\/div>\n<\/div>\n\n<!-- <div class=\"quienes-somos-card container\">\n\t<div class=\"col-12 col-md-6\">\n\t\t<img decoding=\"async\" class=\"quienes-somos-card__image\" src=\"https:\/\/serratsrl.com.ar\/wp-content\/uploads\/2024\/08\/quienes.jpg\" alt=\"Imagen\">\n\t<\/div>\n\t<div class=\"col-12 col-md-6 quienes-somos-card__content\">\n\t\t<div class=\"line\"><\/div>\n\t\t<h3 class=\"quienes-somos-card__titulo\">Quem somos<\/h3>\n\t\t<p ><p>Serrat S.R.L. \u00e9 uma empresa l\u00edder no desenvolvimento, produ\u00e7\u00e3o e comercializa\u00e7\u00e3o de pe\u00e7as de borracha e pl\u00e1stico termosoprado para os setores automotivo e agroindustrial, para o mercado nacional e internacional.<\/p>\n<p>Engenharia, ferramentaria pr\u00f3pria, pessoal altamente capacitado, amplas instala\u00e7\u00f5es, utiliza\u00e7\u00e3o de maquin\u00e1rios com tecnologia de ponta em todos os processos, emprego de mat\u00e9rias-primas de primeira qualidade \u2013 tudo isso somado \u00e0 nossa premissa de trabalhar dentro de um contexto de evolu\u00e7\u00e3o cont\u00ednua nos permite oferecer aos nossos clientes um produto de excelente qualidade.<\/p>\n<\/p>\n\t<\/div>\n<\/div> -->\n\n\n\n\n<div style=\"height:60px\" aria-hidden=\"true\" class=\"wp-block-spacer d-none d-md-block\"><\/div>\n\n\n\n<div class=\"wp-block-columns container is-layout-flex wp-container-core-columns-is-layout-28f84493 wp-block-columns-is-layout-flex\">\n<div class=\"wp-block-column quienessomos-card-small is-layout-flow wp-block-column-is-layout-flow\">\n<div class=\"wp-block-columns is-layout-flex wp-container-core-columns-is-layout-28f84493 wp-block-columns-is-layout-flex\">\n<div class=\"wp-block-column quienessomos-card-small--header is-layout-flow wp-block-column-is-layout-flow\">\n<figure class=\"wp-block-image size-full\"><img loading=\"lazy\" decoding=\"async\" width=\"34\" height=\"34\" src=\"http:\/\/serratsrl.com.ar\/wp-content\/uploads\/2023\/11\/mision-icon.png\" alt=\"\" class=\"wp-image-369\"\/><\/figure>\n\n\n\n<p>Miss\u00e3o<\/p>\n<\/div>\n<\/div>\n\n\n\n<div class=\"wp-block-columns quienessomos-card-small--content is-layout-flex wp-container-core-columns-is-layout-28f84493 wp-block-columns-is-layout-flex\">\n<div class=\"wp-block-column is-layout-flow wp-block-column-is-layout-flow\">\n<p>Oferecer uma ampla variedade de produtos com alto padr\u00e3o de qualidade para o setor de reposi\u00e7\u00e3o e para OEMs no mercado nacional e internacional.<\/p>\n<\/div>\n<\/div>\n<\/div>\n\n\n\n<div class=\"wp-block-column quienessomos-card-small is-layout-flow wp-block-column-is-layout-flow\">\n<div class=\"wp-block-columns is-layout-flex wp-container-core-columns-is-layout-28f84493 wp-block-columns-is-layout-flex\">\n<div class=\"wp-block-column quienessomos-card-small--header is-layout-flow wp-block-column-is-layout-flow\">\n<figure class=\"wp-block-image size-full\"><img loading=\"lazy\" decoding=\"async\" width=\"33\" height=\"34\" src=\"http:\/\/serratsrl.com.ar\/wp-content\/uploads\/2023\/11\/vision-icon.png\" alt=\"\" class=\"wp-image-382\"\/><\/figure>\n\n\n\n<p>Vis\u00e3o<\/p>\n<\/div>\n<\/div>\n\n\n\n<div class=\"wp-block-columns quienessomos-card-small--content is-layout-flex wp-container-core-columns-is-layout-28f84493 wp-block-columns-is-layout-flex\">\n<div class=\"wp-block-column is-layout-flow wp-block-column-is-layout-flow\">\n<p>Posicionar-nos como refer\u00eancia em qualidade e novidades em nossas linhas de produtos, otimizando nossos processos produtivos.<\/p>\n<\/div>\n<\/div>\n<\/div>\n<\/div>\n\n\n\n<div style=\"height:60px\" aria-hidden=\"true\" class=\"wp-block-spacer d-none d-md-block\"><\/div>\n\n\n<div class=\"quienes-somos-card container\">\n\t<div class=\"row\">\n\t\t\t\t<div class=\"col-12 col-md-6  \">\n\t\t\t<img decoding=\"async\" class=\"quienes-somos-card__image mt-md-4\" src=\"https:\/\/serratsrl.com.ar\/wp-content\/uploads\/2024\/08\/Frame-3994-2.jpg\" alt=\"Imagen\">\n\t\t<\/div>\n\t\t\t\t<div class=\"col-12 col-md-6 quienes-somos-card__content\">\n\t\t\t<div class=\"line\"><\/div>\n\t\t\t<h3 class=\"quienes-somos-card__titulo\">Hist\u00f3ria<\/h3>\n\t\t\t<p ><p>No ano de 1974, o Sr. Jaime Serrat, com o of\u00edcio de AJUSTADOR &#8211; FERRAMENTEIRO, come\u00e7ou a desenvolver moldes de fole de transmiss\u00e3o para produzi-los por processo de prensagem em um pequeno galp\u00e3o localizado na parte de tr\u00e1s de sua casa. Sua comercializa\u00e7\u00e3o foi apenas na cidade de Ros\u00e1rio.<\/p>\n<p>Em 1982, com a entrada de seu filho, a empresa come\u00e7ou a operar sob a denomina\u00e7\u00e3o Jaime Serrat e Hijo S.C., iniciando um processo de crescimento e comercializando seus produtos em todo o territ\u00f3rio nacional. Em 2002 a empresa realizou sua primeira exporta\u00e7\u00e3o, expandindo-se para toda a Am\u00e9rica Latina e alguns pa\u00edses europeus como Fran\u00e7a e Espanha. Ao longo dos anos a empresa tornou-se mais profissional e comprometida com a melhoria cont\u00ednua em todas as suas \u00e1reas. Hoje, com a terceira gera\u00e7\u00e3o j\u00e1 incorporada, estamos enfrentando novos desafios que nos mant\u00eam com o olhar voltado para um futuro promissor.<\/p>\n<\/p>\n\t\t<\/div>\n\t<\/div>\n<\/div>\n\n<!-- <div class=\"quienes-somos-card container\">\n\t<div class=\"col-12 col-md-6\">\n\t\t<img decoding=\"async\" class=\"quienes-somos-card__image\" src=\"https:\/\/serratsrl.com.ar\/wp-content\/uploads\/2024\/08\/Frame-3994-2.jpg\" alt=\"Imagen\">\n\t<\/div>\n\t<div class=\"col-12 col-md-6 quienes-somos-card__content\">\n\t\t<div class=\"line\"><\/div>\n\t\t<h3 class=\"quienes-somos-card__titulo\">Hist\u00f3ria<\/h3>\n\t\t<p ><p>No ano de 1974, o Sr. Jaime Serrat, com o of\u00edcio de AJUSTADOR &#8211; FERRAMENTEIRO, come\u00e7ou a desenvolver moldes de fole de transmiss\u00e3o para produzi-los por processo de prensagem em um pequeno galp\u00e3o localizado na parte de tr\u00e1s de sua casa. Sua comercializa\u00e7\u00e3o foi apenas na cidade de Ros\u00e1rio.<\/p>\n<p>Em 1982, com a entrada de seu filho, a empresa come\u00e7ou a operar sob a denomina\u00e7\u00e3o Jaime Serrat e Hijo S.C., iniciando um processo de crescimento e comercializando seus produtos em todo o territ\u00f3rio nacional. Em 2002 a empresa realizou sua primeira exporta\u00e7\u00e3o, expandindo-se para toda a Am\u00e9rica Latina e alguns pa\u00edses europeus como Fran\u00e7a e Espanha. Ao longo dos anos a empresa tornou-se mais profissional e comprometida com a melhoria cont\u00ednua em todas as suas \u00e1reas. Hoje, com a terceira gera\u00e7\u00e3o j\u00e1 incorporada, estamos enfrentando novos desafios que nos mant\u00eam com o olhar voltado para um futuro promissor.<\/p>\n<\/p>\n\t<\/div>\n<\/div> -->\n\n\n\n\n<div style=\"height:60px\" aria-hidden=\"true\" class=\"wp-block-spacer d-none d-md-block\"><\/div>\n\n\n<div class=\"quienes-somos-card container\">\n\t<div class=\"row\">\n\t\t\t\t<div class=\"col-12 col-md-6 order-2 \">\n\t\t\t<img decoding=\"async\" class=\"quienes-somos-card__image mt-md-4\" src=\"https:\/\/serratsrl.com.ar\/wp-content\/uploads\/2024\/12\/IMG_3050-3-scaled.jpg\" alt=\"Imagen\">\n\t\t<\/div>\n\t\t\t\t<div class=\"col-12 col-md-6 quienes-somos-card__content\">\n\t\t\t<div class=\"line\"><\/div>\n\t\t\t<h3 class=\"quienes-somos-card__titulo\">Instala\u00e7\u00f5es<\/h3>\n\t\t\t<p ><p>Contamos com uma planta altamente sofisticada, com maquin\u00e1rio de \u00faltima gera\u00e7\u00e3o e totalmente automatizado, localizada na sa\u00edda da RN 34, na cidade de Ros\u00e1rio.<\/p>\n<p>Atualmente estamos em processo de montagem de uma nova f\u00e1brica de 4.000 m2 localizada no Parque Industrial de Alvear, o que nos permitir\u00e1 um melhor layout, otimizando a produ\u00e7\u00e3o e armazenamento dos nossos produtos. O objetivo desta f\u00e1brica \u00e9 ser reconhecida como uma f\u00e1brica de refer\u00eancia na produ\u00e7\u00e3o dos produtos que fabricamos e comercializamos.<\/p>\n<\/p>\n\t\t<\/div>\n\t<\/div>\n<\/div>\n\n<!-- <div class=\"quienes-somos-card container\">\n\t<div class=\"col-12 col-md-6\">\n\t\t<img decoding=\"async\" class=\"quienes-somos-card__image\" src=\"https:\/\/serratsrl.com.ar\/wp-content\/uploads\/2024\/12\/IMG_3050-3-scaled.jpg\" alt=\"Imagen\">\n\t<\/div>\n\t<div class=\"col-12 col-md-6 quienes-somos-card__content\">\n\t\t<div class=\"line\"><\/div>\n\t\t<h3 class=\"quienes-somos-card__titulo\">Instala\u00e7\u00f5es<\/h3>\n\t\t<p ><p>Contamos com uma planta altamente sofisticada, com maquin\u00e1rio de \u00faltima gera\u00e7\u00e3o e totalmente automatizado, localizada na sa\u00edda da RN 34, na cidade de Ros\u00e1rio.<\/p>\n<p>Atualmente estamos em processo de montagem de uma nova f\u00e1brica de 4.000 m2 localizada no Parque Industrial de Alvear, o que nos permitir\u00e1 um melhor layout, otimizando a produ\u00e7\u00e3o e armazenamento dos nossos produtos. O objetivo desta f\u00e1brica \u00e9 ser reconhecida como uma f\u00e1brica de refer\u00eancia na produ\u00e7\u00e3o dos produtos que fabricamos e comercializamos.<\/p>\n<\/p>\n\t<\/div>\n<\/div> -->\n\n\n\n\n<div style=\"height:60px\" aria-hidden=\"true\" class=\"wp-block-spacer d-none d-md-block\"><\/div>\n\n\n\n<div class=\"wp-block-columns container autopartes is-layout-flex wp-container-core-columns-is-layout-28f84493 wp-block-columns-is-layout-flex\">\n<div class=\"wp-block-column col-12 is-layout-flow wp-block-column-is-layout-flow\"><div class=\"quienes-somos-card container\">\n\t<div class=\"row\">\n\t\t\t\t<div class=\"col-12 col-md-12 quienes-somos-card__content\">\n\t\t\t<div class=\"line\"><\/div>\n\t\t\t<h3 class=\"quienes-somos-card__titulo\">Grupo Ros\u00e1rio Autope\u00e7as<\/h3>\n\t\t\t<p ><p><strong>Fazemos parte do Grupo Autope\u00e7as Ros\u00e1rio<\/strong>, um cons\u00f3rcio de empresas de grande prest\u00edgio no setor de autope\u00e7as. Este Grupo de Colabora\u00e7\u00e3o Empresarial (ACE) foi constitu\u00eddo em 2001 com o objetivo de unir as for\u00e7as e capacidades de diversas empresas l\u00edderes na ind\u00fastria. Ao longo dos anos, o Grupo tem trabalhado em conjunto para fomentar a inova\u00e7\u00e3o, otimizar processos e melhorar a competitividade em um mercado global cada vez mais exigente.<\/p>\n<p>Nossa miss\u00e3o \u00e9 oferecer aos nossos clientes uma ampla gama de ferramentas e solu\u00e7\u00f5es que facilitem e agilizem o com\u00e9rcio internacional de autope\u00e7as. Gra\u00e7as \u00e0 sinergia gerada pela colabora\u00e7\u00e3o entre as empresas-membro, conseguimos desenvolver servi\u00e7os e produtos de alta qualidade que se adaptam \u00e0s necessidades espec\u00edficas de nossos clientes em diferentes mercados internacionais.<\/p>\n<p>Al\u00e9m do nosso foco na efici\u00eancia comercial, tamb\u00e9m nos comprometemos com o desenvolvimento sustent\u00e1vel e a responsabilidade social, impulsionando pr\u00e1ticas que contribuam para o bem-estar das comunidades onde operamos. O Grupo Autope\u00e7as Ros\u00e1rio se destaca n\u00e3o s\u00f3 pela sua experi\u00eancia e conhecimento no setor, mas tamb\u00e9m pela sua vis\u00e3o de futuro, orientada a enfrentar os desafios do com\u00e9rcio internacional com sucesso e a continuar crescendo em um ambiente global em constante evolu\u00e7\u00e3o.<\/p>\n<\/p>\n\t\t<\/div>\n\t<\/div>\n<\/div>\n\n<!-- <div class=\"quienes-somos-card container\">\n\t<div class=\"col-12 col-md-6\">\n\t\t<img decoding=\"async\" class=\"quienes-somos-card__image\" src=\"\" alt=\"Imagen\">\n\t<\/div>\n\t<div class=\"col-12 col-md-6 quienes-somos-card__content\">\n\t\t<div class=\"line\"><\/div>\n\t\t<h3 class=\"quienes-somos-card__titulo\">Grupo Ros\u00e1rio Autope\u00e7as<\/h3>\n\t\t<p ><p><strong>Fazemos parte do Grupo Autope\u00e7as Ros\u00e1rio<\/strong>, um cons\u00f3rcio de empresas de grande prest\u00edgio no setor de autope\u00e7as. Este Grupo de Colabora\u00e7\u00e3o Empresarial (ACE) foi constitu\u00eddo em 2001 com o objetivo de unir as for\u00e7as e capacidades de diversas empresas l\u00edderes na ind\u00fastria. Ao longo dos anos, o Grupo tem trabalhado em conjunto para fomentar a inova\u00e7\u00e3o, otimizar processos e melhorar a competitividade em um mercado global cada vez mais exigente.<\/p>\n<p>Nossa miss\u00e3o \u00e9 oferecer aos nossos clientes uma ampla gama de ferramentas e solu\u00e7\u00f5es que facilitem e agilizem o com\u00e9rcio internacional de autope\u00e7as. Gra\u00e7as \u00e0 sinergia gerada pela colabora\u00e7\u00e3o entre as empresas-membro, conseguimos desenvolver servi\u00e7os e produtos de alta qualidade que se adaptam \u00e0s necessidades espec\u00edficas de nossos clientes em diferentes mercados internacionais.<\/p>\n<p>Al\u00e9m do nosso foco na efici\u00eancia comercial, tamb\u00e9m nos comprometemos com o desenvolvimento sustent\u00e1vel e a responsabilidade social, impulsionando pr\u00e1ticas que contribuam para o bem-estar das comunidades onde operamos. O Grupo Autope\u00e7as Ros\u00e1rio se destaca n\u00e3o s\u00f3 pela sua experi\u00eancia e conhecimento no setor, mas tamb\u00e9m pela sua vis\u00e3o de futuro, orientada a enfrentar os desafios do com\u00e9rcio internacional com sucesso e a continuar crescendo em um ambiente global em constante evolu\u00e7\u00e3o.<\/p>\n<\/p>\n\t<\/div>\n<\/div> -->\n\n<\/div>\n<\/div>\n\n\n\n<p><\/p>\n","protected":false},"excerpt":{"rendered":"<p>Miss\u00e3o Oferecer uma ampla variedade de produtos com alto padr\u00e3o de qualidade para o setor de reposi\u00e7\u00e3o e para OEMs no mercado nacional e internacional. Vis\u00e3o Posicionar-nos como refer\u00eancia em qualidade e novidades em nossas linhas de produtos, otimizando nossos processos produtivos.<\/p>\n","protected":false},"author":4,"featured_media":0,"parent":0,"menu_order":0,"comment_status":"closed","ping_status":"closed","template":"","meta":{"_acf_changed":false,"_eb_attr":"","footnotes":""},"class_list":["post-3623","page","type-page","status-publish","hentry"],"acf":[],"_links":{"self":[{"href":"https:\/\/serratsrl.com.ar\/pt-br\/wp-json\/wp\/v2\/pages\/3623","targetHints":{"allow":["GET"]}}],"collection":[{"href":"https:\/\/serratsrl.com.ar\/pt-br\/wp-json\/wp\/v2\/pages"}],"about":[{"href":"https:\/\/serratsrl.com.ar\/pt-br\/wp-json\/wp\/v2\/types\/page"}],"author":[{"embeddable":true,"href":"https:\/\/serratsrl.com.ar\/pt-br\/wp-json\/wp\/v2\/users\/4"}],"replies":[{"embeddable":true,"href":"https:\/\/serratsrl.com.ar\/pt-br\/wp-json\/wp\/v2\/comments?post=3623"}],"version-history":[{"count":20,"href":"https:\/\/serratsrl.com.ar\/pt-br\/wp-json\/wp\/v2\/pages\/3623\/revisions"}],"predecessor-version":[{"id":12053,"href":"https:\/\/serratsrl.com.ar\/pt-br\/wp-json\/wp\/v2\/pages\/3623\/revisions\/12053"}],"wp:attachment":[{"href":"https:\/\/serratsrl.com.ar\/pt-br\/wp-json\/wp\/v2\/media?parent=3623"}],"curies":[{"name":"wp","href":"https:\/\/api.w.org\/{rel}","templated":true}]}}