{"id":3636,"date":"2023-10-30T13:50:22","date_gmt":"2023-10-30T16:50:22","guid":{"rendered":"http:\/\/serratsrl.com.ar\/novidades\/"},"modified":"2025-05-13T14:17:40","modified_gmt":"2025-05-13T17:17:40","slug":"novidades","status":"publish","type":"page","link":"https:\/\/serratsrl.com.ar\/pt-br\/novidades\/","title":{"rendered":"Novidades"},"content":{"rendered":"\n<div class=\"block-paginated-news-list\" id=\"block-paginated-news-list-block_179574496445cfac311d439f5b2d7517\">\n\t<div class=\"container item-container mt-2 px-0\">\n\t\t<div class=\"row \">\n\t\t\t\t\t\t\t\t\t\t\t\t<div class=\"container-item-card  mb-4 my-3\">\n\t\t\t\t\t\t<div class=\"item-card\">\n\t\t\t\t\t\t\t<div class=\"item-thumbnail\">\n\t\t\t\t\t\t\t\t<img loading=\"lazy\" decoding=\"async\" width=\"320\" height=\"192\" src=\"https:\/\/serratsrl.com.ar\/wp-content\/uploads\/2024\/02\/productos-1.jpg\" class=\"attachment-post-thumbnail size-post-thumbnail wp-post-image\" alt=\"\" srcset=\"https:\/\/serratsrl.com.ar\/wp-content\/uploads\/2024\/02\/productos-1.jpg 320w, https:\/\/serratsrl.com.ar\/wp-content\/uploads\/2024\/02\/productos-1-300x180.jpg 300w\" sizes=\"auto, (max-width: 320px) 100vw, 320px\" \/>\t\t\t\t\t\t\t<\/div>\n\t\t\t\t\t\t\t<div class=\"item-category\">\n\t\t\t\t\t\t\t\tInstitucional\t\t\t\t\t\t\t<\/div>\n\t\t\t\t\t\t\t<div class=\"item-title\">\n\t\t\t\t\t\t\t\tFoles para dire\u00e7\u00e3o, suspens\u00e3o e transmiss\u00e3o\t\t\t\t\t\t\t<\/div>\n\t\t\t\t\t\t\t<div class=\"item-excerpt\">\n\t\t\t\t\t\t\t\t<p>No cora\u00e7\u00e3o da ind\u00fastria automotiva, nossa empresa se orgulha de oferecer uma ampla variedade de produtos especializados em foles para dire\u00e7\u00e3o, suspens\u00e3o e transmiss\u00e3o. Desde que abrimos as nossas portas, estamos comprometidos com a excel\u00eancia e a satisfa\u00e7\u00e3o do cliente, e a nossa gama de produtos reflete esse compromisso. Nossa linha de foles de dire\u00e7\u00e3o [&hellip;]<\/p>\n\t\t\t\t\t\t\t<\/div>\n\t\t\t\t\t\t\t<div class=\"item-link mb-2\">\n\t\t\t\t\t\t\t\t<a href=\"https:\/\/serratsrl.com.ar\/pt-br\/foles-para-direcao-suspensao-e-transmissao\/\">\n\t\t\t\t\t\t\t\t\tler mais\t\t\t\t\t\t\t\t\t<icon-svg src=\"\/blocks\/news\/img\/icon-arrow-left.svg\"><\/icon-svg>\n\t\t\t\t\t\t\t\t<\/a>\n\t\t\t\t\t\t\t<\/div>\n\t\t\t\t\t\t<\/div>\n\t\t\t\t\t<\/div>\n\t\t\t\t\t\t\t\t\t<div class=\"container-item-card  mb-4 my-3\">\n\t\t\t\t\t\t<div class=\"item-card\">\n\t\t\t\t\t\t\t<div class=\"item-thumbnail\">\n\t\t\t\t\t\t\t\t<img loading=\"lazy\" decoding=\"async\" width=\"640\" height=\"384\" src=\"https:\/\/serratsrl.com.ar\/wp-content\/uploads\/2024\/11\/empresa.jpg\" class=\"attachment-post-thumbnail size-post-thumbnail wp-post-image\" alt=\"\" srcset=\"https:\/\/serratsrl.com.ar\/wp-content\/uploads\/2024\/11\/empresa.jpg 640w, https:\/\/serratsrl.com.ar\/wp-content\/uploads\/2024\/11\/empresa-300x180.jpg 300w, https:\/\/serratsrl.com.ar\/wp-content\/uploads\/2024\/11\/empresa-600x360.jpg 600w\" sizes=\"auto, (max-width: 640px) 100vw, 640px\" \/>\t\t\t\t\t\t\t<\/div>\n\t\t\t\t\t\t\t<div class=\"item-category\">\n\t\t\t\t\t\t\t\tInstitucional\t\t\t\t\t\t\t<\/div>\n\t\t\t\t\t\t\t<div class=\"item-title\">\n\t\t\t\t\t\t\t\tUma nova era come\u00e7a para nossa empresa\t\t\t\t\t\t\t<\/div>\n\t\t\t\t\t\t\t<div class=\"item-excerpt\">\n\t\t\t\t\t\t\t\t\t\t\t\t\t\t\t<\/div>\n\t\t\t\t\t\t\t<div class=\"item-link mb-2\">\n\t\t\t\t\t\t\t\t<a href=\"https:\/\/serratsrl.com.ar\/pt-br\/uma-nova-era-comeca-para-nossa-empresa\/\">\n\t\t\t\t\t\t\t\t\tler mais\t\t\t\t\t\t\t\t\t<icon-svg src=\"\/blocks\/news\/img\/icon-arrow-left.svg\"><\/icon-svg>\n\t\t\t\t\t\t\t\t<\/a>\n\t\t\t\t\t\t\t<\/div>\n\t\t\t\t\t\t<\/div>\n\t\t\t\t\t<\/div>\n\t\t\t\t\t\t\t\t\t<div class=\"container-item-card  mb-4 my-3\">\n\t\t\t\t\t\t<div class=\"item-card\">\n\t\t\t\t\t\t\t<div class=\"item-thumbnail\">\n\t\t\t\t\t\t\t\t<img loading=\"lazy\" decoding=\"async\" width=\"842\" height=\"505\" src=\"https:\/\/serratsrl.com.ar\/wp-content\/uploads\/2024\/02\/Nuevo-2.jpg\" class=\"attachment-post-thumbnail size-post-thumbnail wp-post-image\" alt=\"\" srcset=\"https:\/\/serratsrl.com.ar\/wp-content\/uploads\/2024\/02\/Nuevo-2.jpg 842w, https:\/\/serratsrl.com.ar\/wp-content\/uploads\/2024\/02\/Nuevo-2-300x180.jpg 300w, https:\/\/serratsrl.com.ar\/wp-content\/uploads\/2024\/02\/Nuevo-2-768x461.jpg 768w, https:\/\/serratsrl.com.ar\/wp-content\/uploads\/2024\/02\/Nuevo-2-600x360.jpg 600w\" sizes=\"auto, (max-width: 842px) 100vw, 842px\" \/>\t\t\t\t\t\t\t<\/div>\n\t\t\t\t\t\t\t<div class=\"item-category\">\n\t\t\t\t\t\t\t\tInstitucional\t\t\t\t\t\t\t<\/div>\n\t\t\t\t\t\t\t<div class=\"item-title\">\n\t\t\t\t\t\t\t\tNovo Site e lan\u00e7amos nosso e-commerce\t\t\t\t\t\t\t<\/div>\n\t\t\t\t\t\t\t<div class=\"item-excerpt\">\n\t\t\t\t\t\t\t\t<p>Num mundo cada vez mais digitalizado, a inova\u00e7\u00e3o e a adapta\u00e7\u00e3o s\u00e3o fundamentais. \u00c9 por isso que hoje partilhamos uma not\u00edcia que marcar\u00e1 um marco no caminho da transforma\u00e7\u00e3o digital da Serrat, o lan\u00e7amento do nosso novo site, pensado para oferecer uma nova experi\u00eancia aos nossos utilizadores. Este novo site n\u00e3o s\u00f3 representa uma mudan\u00e7a [&hellip;]<\/p>\n\t\t\t\t\t\t\t<\/div>\n\t\t\t\t\t\t\t<div class=\"item-link mb-2\">\n\t\t\t\t\t\t\t\t<a href=\"https:\/\/serratsrl.com.ar\/pt-br\/novo-site-e-lancamos-nosso-e-commerce\/\">\n\t\t\t\t\t\t\t\t\tler mais\t\t\t\t\t\t\t\t\t<icon-svg src=\"\/blocks\/news\/img\/icon-arrow-left.svg\"><\/icon-svg>\n\t\t\t\t\t\t\t\t<\/a>\n\t\t\t\t\t\t\t<\/div>\n\t\t\t\t\t\t<\/div>\n\t\t\t\t\t<\/div>\n\t\t\t\t\t\t\t\t\t\t\n\t\t<\/div>\n\t\t<\/div>\n<\/div>\n","protected":false},"excerpt":{"rendered":"","protected":false},"author":4,"featured_media":0,"parent":0,"menu_order":0,"comment_status":"closed","ping_status":"closed","template":"","meta":{"_acf_changed":false,"_eb_attr":"","footnotes":""},"class_list":["post-3636","page","type-page","status-publish","hentry"],"acf":[],"_links":{"self":[{"href":"https:\/\/serratsrl.com.ar\/pt-br\/wp-json\/wp\/v2\/pages\/3636","targetHints":{"allow":["GET"]}}],"collection":[{"href":"https:\/\/serratsrl.com.ar\/pt-br\/wp-json\/wp\/v2\/pages"}],"about":[{"href":"https:\/\/serratsrl.com.ar\/pt-br\/wp-json\/wp\/v2\/types\/page"}],"author":[{"embeddable":true,"href":"https:\/\/serratsrl.com.ar\/pt-br\/wp-json\/wp\/v2\/users\/4"}],"replies":[{"embeddable":true,"href":"https:\/\/serratsrl.com.ar\/pt-br\/wp-json\/wp\/v2\/comments?post=3636"}],"version-history":[{"count":2,"href":"https:\/\/serratsrl.com.ar\/pt-br\/wp-json\/wp\/v2\/pages\/3636\/revisions"}],"predecessor-version":[{"id":11630,"href":"https:\/\/serratsrl.com.ar\/pt-br\/wp-json\/wp\/v2\/pages\/3636\/revisions\/11630"}],"wp:attachment":[{"href":"https:\/\/serratsrl.com.ar\/pt-br\/wp-json\/wp\/v2\/media?parent=3636"}],"curies":[{"name":"wp","href":"https:\/\/api.w.org\/{rel}","templated":true}]}}