{"id":3725,"date":"2023-10-30T11:11:33","date_gmt":"2023-10-30T14:11:33","guid":{"rendered":"http:\/\/serratsrl.com.ar\/comercial\/"},"modified":"2025-06-12T19:02:56","modified_gmt":"2025-06-12T22:02:56","slug":"comercial","status":"publish","type":"page","link":"https:\/\/serratsrl.com.ar\/pt-br\/comercial\/","title":{"rendered":"Comercial"},"content":{"rendered":"\n<div class=\"wp-block-columns is-layout-flex wp-container-core-columns-is-layout-28f84493 wp-block-columns-is-layout-flex\">\n<div class=\"wp-block-column block-comercial-card is-layout-flow wp-block-column-is-layout-flow\">\n<div style=\"height:50px\" aria-hidden=\"true\" class=\"wp-block-spacer\"><\/div>\n\n\n<div class=\"comercial-card container\">\n\t<div class=\"row\">\n\t\t<div class=\"col-12 col-md-6 order-md-2\">\n\t\t\t<img decoding=\"async\" src=\"https:\/\/serratsrl.com.ar\/wp-content\/uploads\/2024\/04\/comercial01.png\" alt=\"Imagen\">\n\t\t<\/div>\n\t\t<div class=\"col-12 col-md-6 comercial-card__content\">\n\t\t\t<div>\n\t\t\t\t<div class=\"line\"><\/div>\n\t\t\t\t<span><\/span>\n\t\t\t<\/div>\n\t\t\t<h3 class=\"comercial-card__titulo\">Comercializa\u00e7\u00e3o <\/h3>\n\t\t\t<p><p>Estamos em busca da excel\u00eancia, para isso otimizamos nossos servi\u00e7os de marketing e log\u00edstica. Oferecemos aconselhamento constante e tratamento personalizado para cada cliente atrav\u00e9s de todos os meios de comunica\u00e7\u00e3o. Ao mesmo tempo, dispomos de armaz\u00e9ns estrategicamente localizados, que nos permitem entregar as encomendas no menor tempo poss\u00edvel.<\/p>\n<\/p>\n\t\t<\/div>\n\t<\/div>\n<\/div>\n\n\n<div class=\"comercial-card container\">\n\t<div class=\"row\">\n\t\t<div class=\"col-12 col-md-6 \">\n\t\t\t<img decoding=\"async\" src=\"https:\/\/serratsrl.com.ar\/wp-content\/uploads\/2024\/04\/exportacion01.png\" alt=\"Imagen\">\n\t\t<\/div>\n\t\t<div class=\"col-12 col-md-6 comercial-card__content\">\n\t\t\t<div>\n\t\t\t\t<div class=\"line\"><\/div>\n\t\t\t\t<span><\/span>\n\t\t\t<\/div>\n\t\t\t<h3 class=\"comercial-card__titulo\">Comex<\/h3>\n\t\t\t<p><p>Nosso escrit\u00f3rio de com\u00e9rcio exterior se encarrega de oferecer-lhes as op\u00e7\u00f5es mais rent\u00e1veis, garantindo a competitividade que o cliente necessita, assessorando e acompanhando cada transa\u00e7\u00e3o para obter a m\u00e1xima satisfa\u00e7\u00e3o em cada uma delas.<\/p>\n<\/p>\n\t\t<\/div>\n\t<\/div>\n<\/div>\n\n\n<div class=\"comercial-card container\">\n\t<div class=\"row\">\n\t\t<div class=\"col-12 col-md-6 order-md-2\">\n\t\t\t<img decoding=\"async\" src=\"https:\/\/serratsrl.com.ar\/wp-content\/uploads\/2024\/12\/IMG_7327-1.jpg\" alt=\"Imagen\">\n\t\t<\/div>\n\t\t<div class=\"col-12 col-md-6 comercial-card__content\">\n\t\t\t<div>\n\t\t\t\t<div class=\"line\"><\/div>\n\t\t\t\t<span><\/span>\n\t\t\t<\/div>\n\t\t\t<h3 class=\"comercial-card__titulo\">Produtos<\/h3>\n\t\t\t<p><p>Todos os nossos produtos s\u00e3o elaborados com mat\u00e9rias-primas da mais alta qualidade. Utilizamos equipamentos e tecnologia de \u00faltima gera\u00e7\u00e3o, que aliados a uma equipe de engenharia altamente treinada nos permitem garantir que o resultado seja uma pe\u00e7a de excelente qualidade. Nossa premissa \u00e9 qualidade e excel\u00eancia, por isso somos a melhor op\u00e7\u00e3o no mercado de autope\u00e7as.<\/p>\n<\/p>\n\t\t<\/div>\n\t<\/div>\n<\/div>\n\n\n<div class=\"comercial-card container\">\n\t<div class=\"row\">\n\t\t<div class=\"col-12 col-md-6 \">\n\t\t\t<img decoding=\"async\" src=\"https:\/\/serratsrl.com.ar\/wp-content\/uploads\/2024\/04\/fabricacion01.png\" alt=\"Imagen\">\n\t\t<\/div>\n\t\t<div class=\"col-12 col-md-6 comercial-card__content\">\n\t\t\t<div>\n\t\t\t\t<div class=\"line\"><\/div>\n\t\t\t\t<span><\/span>\n\t\t\t<\/div>\n\t\t\t<h3 class=\"comercial-card__titulo\">Desenvolvimento personalizado<\/h3>\n\t\t\t<p><p>Estamos atentos \u00e0s necessidades de cada cliente. Por isso, estamos capacitados para desenvolver produtos sob medida em borracha e termopl\u00e1stico, adequando-nos \u00e0s exig\u00eancias e especifica\u00e7\u00f5es de cada um.<\/p>\n<\/p>\n\t\t<\/div>\n\t<\/div>\n<\/div>\n<\/div>\n<\/div>\n","protected":false},"excerpt":{"rendered":"","protected":false},"author":4,"featured_media":0,"parent":0,"menu_order":0,"comment_status":"closed","ping_status":"closed","template":"","meta":{"_acf_changed":false,"_eb_attr":"","footnotes":""},"class_list":["post-3725","page","type-page","status-publish","hentry"],"acf":[],"_links":{"self":[{"href":"https:\/\/serratsrl.com.ar\/pt-br\/wp-json\/wp\/v2\/pages\/3725","targetHints":{"allow":["GET"]}}],"collection":[{"href":"https:\/\/serratsrl.com.ar\/pt-br\/wp-json\/wp\/v2\/pages"}],"about":[{"href":"https:\/\/serratsrl.com.ar\/pt-br\/wp-json\/wp\/v2\/types\/page"}],"author":[{"embeddable":true,"href":"https:\/\/serratsrl.com.ar\/pt-br\/wp-json\/wp\/v2\/users\/4"}],"replies":[{"embeddable":true,"href":"https:\/\/serratsrl.com.ar\/pt-br\/wp-json\/wp\/v2\/comments?post=3725"}],"version-history":[{"count":8,"href":"https:\/\/serratsrl.com.ar\/pt-br\/wp-json\/wp\/v2\/pages\/3725\/revisions"}],"predecessor-version":[{"id":12099,"href":"https:\/\/serratsrl.com.ar\/pt-br\/wp-json\/wp\/v2\/pages\/3725\/revisions\/12099"}],"wp:attachment":[{"href":"https:\/\/serratsrl.com.ar\/pt-br\/wp-json\/wp\/v2\/media?parent=3725"}],"curies":[{"name":"wp","href":"https:\/\/api.w.org\/{rel}","templated":true}]}}