{"id":3732,"date":"2023-10-30T13:50:50","date_gmt":"2023-10-30T16:50:50","guid":{"rendered":"http:\/\/serratsrl.com.ar\/rrhh\/"},"modified":"2025-05-13T14:18:36","modified_gmt":"2025-05-13T17:18:36","slug":"rrhh","status":"publish","type":"page","link":"https:\/\/serratsrl.com.ar\/pt-br\/rrhh\/","title":{"rendered":"RRHH"},"content":{"rendered":"\n<div style=\"height:56px\" aria-hidden=\"true\" class=\"wp-block-spacer\"><\/div>\n\n\n\n<h2 class=\"wp-block-heading container has-medium-font-size\" style=\"font-style:normal;font-weight:700;line-height:1.9\">Voc\u00ea quer trabalhar conosco?<\/h2>\n\n\n\n<p class=\"container upload-cv\" style=\"line-height:1.9\">Nesta se\u00e7\u00e3o voc\u00ea encontrar\u00e1 todas as pesquisas com suas descri\u00e7\u00f5es de cargos e objetivos. Se n\u00e3o estiver entre as candidaturas publicadas, pode deixar-nos o seu CV clicando no bot\u00e3o seguinte. <\/p>\n\n\n\n<div class=\"wp-block-buttons container is-layout-flex wp-block-buttons-is-layout-flex\">\n<div class=\"wp-block-button is-style-bordered\"><a class=\"wp-block-button__link wp-element-button\" href=\"https:\/\/serratsrl.com.ar\/pt-br\/postulacion\/trabalhe-para-nos\/\" style=\"padding-right:var(--wp--preset--spacing--50);padding-left:var(--wp--preset--spacing--50)\">Carregar curr\u00edculo<\/a><\/div>\n<\/div>\n\n\n\n<div style=\"height:56px\" aria-hidden=\"true\" class=\"wp-block-spacer\"><\/div>\n\n\n\n<div class=\"block-nomination mx-0 px-0\" id=\"block-nomination-block_67d886b291e9203670acbb24b9194ee5\">\n\t<div class=\"postulaciones-container container\">\n\t\t<div class=\"row justify-content-between\">\n\t\t\t\t\t<\/div>\n\t<\/div>\n<\/div>","protected":false},"excerpt":{"rendered":"<p>Voc\u00ea quer trabalhar conosco? Nesta se\u00e7\u00e3o voc\u00ea encontrar\u00e1 todas as pesquisas com suas descri\u00e7\u00f5es de cargos e objetivos. Se n\u00e3o estiver entre as candidaturas publicadas, pode deixar-nos o seu CV clicando no bot\u00e3o seguinte.<\/p>\n","protected":false},"author":4,"featured_media":0,"parent":0,"menu_order":0,"comment_status":"closed","ping_status":"closed","template":"","meta":{"_acf_changed":false,"_eb_attr":"","footnotes":""},"class_list":["post-3732","page","type-page","status-publish","hentry"],"acf":[],"_links":{"self":[{"href":"https:\/\/serratsrl.com.ar\/pt-br\/wp-json\/wp\/v2\/pages\/3732","targetHints":{"allow":["GET"]}}],"collection":[{"href":"https:\/\/serratsrl.com.ar\/pt-br\/wp-json\/wp\/v2\/pages"}],"about":[{"href":"https:\/\/serratsrl.com.ar\/pt-br\/wp-json\/wp\/v2\/types\/page"}],"author":[{"embeddable":true,"href":"https:\/\/serratsrl.com.ar\/pt-br\/wp-json\/wp\/v2\/users\/4"}],"replies":[{"embeddable":true,"href":"https:\/\/serratsrl.com.ar\/pt-br\/wp-json\/wp\/v2\/comments?post=3732"}],"version-history":[{"count":3,"href":"https:\/\/serratsrl.com.ar\/pt-br\/wp-json\/wp\/v2\/pages\/3732\/revisions"}],"predecessor-version":[{"id":11632,"href":"https:\/\/serratsrl.com.ar\/pt-br\/wp-json\/wp\/v2\/pages\/3732\/revisions\/11632"}],"wp:attachment":[{"href":"https:\/\/serratsrl.com.ar\/pt-br\/wp-json\/wp\/v2\/media?parent=3732"}],"curies":[{"name":"wp","href":"https:\/\/api.w.org\/{rel}","templated":true}]}}