{"id":3735,"date":"2023-10-30T13:51:01","date_gmt":"2023-10-30T16:51:01","guid":{"rendered":"http:\/\/serratsrl.com.ar\/contacto\/"},"modified":"2025-07-07T13:07:31","modified_gmt":"2025-07-07T16:07:31","slug":"contacto","status":"publish","type":"page","link":"https:\/\/serratsrl.com.ar\/pt-br\/contacto\/","title":{"rendered":"Contacto"},"content":{"rendered":"\n<div style=\"height:50px\" aria-hidden=\"true\" class=\"wp-block-spacer\"><\/div>\n\n<div class=\"wp-block-columns are-vertically-aligned-top container d-md-none is-layout-flex wp-container-core-columns-is-layout-28f84493 wp-block-columns-is-layout-flex\">\n<div class=\"wp-block-column is-vertically-aligned-top is-layout-flow wp-block-column-is-layout-flow\">\n<h2 class=\"wp-block-heading titulo d-md-none\">Como podemos te ajudar?<\/h2>\n\n\n\n<p class=\"parrafo d-md-none\">Preencha o formul\u00e1rio com sua d\u00favida e entraremos em contato o mais breve poss\u00edvel.<\/p>\n<\/div>\n<\/div>\n\n<div class=\"wp-block-columns are-vertically-aligned-top container is-layout-flex wp-container-core-columns-is-layout-28f84493 wp-block-columns-is-layout-flex\">\n<div class=\"wp-block-column is-vertically-aligned-top order-2 order-md-1 is-layout-flow wp-block-column-is-layout-flow\">\n<h2 class=\"wp-block-heading titulo d-none  d-md-block\">Como podemos te ajudar?<\/h2>\n\n\n\n<div class=\"address  order-2 order-md-1\">\n\t<p><strong>Rosario &#8211; F\u00e1brica y Administra\u00e7\u00e3o<\/strong><br \/>\nGral. Paunero 3123 (Nuevo Alberdi)<br \/>\nC.P.: S2005HAE<br \/>\nTel\u00e9fono: +54 341 4536170<br \/>\n<a href=\"mailto:info@serratsrl.com.ar\" target=\"_blank\" rel=\"noopener\">info@serratsrl.com.ar<\/a><\/p>\n    <div class=\"map\">\n            <\/div>\n<\/div>\n\n\n\n<div class=\"address  order-2 order-md-1\">\n\t<p><strong>Buenos Aires &#8211; Dep\u00f3sito<\/strong><br \/>\n3 de Febrero 3627 (Caseros)<br \/>\nC.P.: B1678GVL<\/p>\n    <div class=\"map\">\n            <\/div>\n<\/div>\n<\/div>\n\n\n\n<div class=\"wp-block-column is-vertically-aligned-top order-1 order-md-2 comercial-form is-layout-flow wp-block-column-is-layout-flow\">\n<div class=\"wpcf7 no-js\" id=\"wpcf7-f11149-o1\" lang=\"pt-BR\" dir=\"ltr\" data-wpcf7-id=\"11149\">\n<div class=\"screen-reader-response\"><p role=\"status\" aria-live=\"polite\" aria-atomic=\"true\"><\/p> <ul><\/ul><\/div>\n<form action=\"\/pt-br\/wp-json\/wp\/v2\/pages\/3735#wpcf7-f11149-o1\" method=\"post\" class=\"wpcf7-form init\" aria-label=\"Formul\u00e1rios de contato\" novalidate=\"novalidate\" data-status=\"init\">\n<fieldset class=\"hidden-fields-container\"><input type=\"hidden\" name=\"_wpcf7\" value=\"11149\" \/><input type=\"hidden\" name=\"_wpcf7_version\" value=\"6.1.5\" \/><input type=\"hidden\" name=\"_wpcf7_locale\" value=\"pt_BR\" \/><input type=\"hidden\" name=\"_wpcf7_unit_tag\" value=\"wpcf7-f11149-o1\" \/><input type=\"hidden\" name=\"_wpcf7_container_post\" value=\"0\" \/><input type=\"hidden\" name=\"_wpcf7_posted_data_hash\" value=\"\" \/><input type=\"hidden\" name=\"_wpcf7dtx_version\" value=\"5.0.5\" \/><input type=\"hidden\" name=\"_wpcf7_recaptcha_response\" value=\"\" \/>\n<\/fieldset>\n<p><span class=\"wpcf7-form-control-wrap\" data-name=\"Name\"><input size=\"40\" maxlength=\"400\" class=\"wpcf7-form-control wpcf7-text wpcf7-validates-as-required\" autocomplete=\"name\" aria-required=\"true\" aria-invalid=\"false\" placeholder=\"Nome e sobrenome\" value=\"\" type=\"text\" name=\"Name\" \/><\/span>\n<\/p>\n<p><span class=\"wpcf7-form-control-wrap\" data-name=\"email\"><input size=\"40\" maxlength=\"400\" class=\"wpcf7-form-control wpcf7-email wpcf7-validates-as-required wpcf7-text wpcf7-validates-as-email\" autocomplete=\"email\" aria-required=\"true\" aria-invalid=\"false\" placeholder=\"E-mail\" value=\"\" type=\"email\" name=\"email\" \/><\/span>\n<\/p>\n<p><span class=\"wpcf7-form-control-wrap\" data-name=\"Phone\"><input size=\"40\" maxlength=\"400\" class=\"wpcf7-form-control wpcf7-tel wpcf7-validates-as-required wpcf7-text wpcf7-validates-as-tel\" aria-required=\"true\" aria-invalid=\"false\" placeholder=\"Telefone\" value=\"\" type=\"tel\" name=\"Phone\" \/><\/span>\n<\/p>\n<p><span class=\"wpcf7-form-control-wrap\" data-name=\"message\"><textarea cols=\"40\" rows=\"10\" maxlength=\"2000\" class=\"wpcf7-form-control wpcf7-textarea wpcf7-validates-as-required\" aria-required=\"true\" aria-invalid=\"false\" placeholder=\"Mensagem\" name=\"message\"><\/textarea><\/span>\n<\/p>\n<p><input class=\"wpcf7-form-control wpcf7-submit has-spinner\" type=\"submit\" value=\"Enviar\" \/>\n<\/p><div class=\"wpcf7-response-output\" aria-hidden=\"true\"><\/div>\n<\/form>\n<\/div>\n\n<\/div>\n<\/div>\n","protected":false},"excerpt":{"rendered":"<p>Como podemos te ajudar? Preencha o formul\u00e1rio com sua d\u00favida e entraremos em contato o mais breve poss\u00edvel. Como podemos te ajudar?<\/p>\n","protected":false},"author":4,"featured_media":0,"parent":0,"menu_order":0,"comment_status":"closed","ping_status":"closed","template":"","meta":{"_acf_changed":false,"_eb_attr":"","footnotes":""},"class_list":["post-3735","page","type-page","status-publish","hentry"],"acf":[],"_links":{"self":[{"href":"https:\/\/serratsrl.com.ar\/pt-br\/wp-json\/wp\/v2\/pages\/3735","targetHints":{"allow":["GET"]}}],"collection":[{"href":"https:\/\/serratsrl.com.ar\/pt-br\/wp-json\/wp\/v2\/pages"}],"about":[{"href":"https:\/\/serratsrl.com.ar\/pt-br\/wp-json\/wp\/v2\/types\/page"}],"author":[{"embeddable":true,"href":"https:\/\/serratsrl.com.ar\/pt-br\/wp-json\/wp\/v2\/users\/4"}],"replies":[{"embeddable":true,"href":"https:\/\/serratsrl.com.ar\/pt-br\/wp-json\/wp\/v2\/comments?post=3735"}],"version-history":[{"count":4,"href":"https:\/\/serratsrl.com.ar\/pt-br\/wp-json\/wp\/v2\/pages\/3735\/revisions"}],"predecessor-version":[{"id":12228,"href":"https:\/\/serratsrl.com.ar\/pt-br\/wp-json\/wp\/v2\/pages\/3735\/revisions\/12228"}],"wp:attachment":[{"href":"https:\/\/serratsrl.com.ar\/pt-br\/wp-json\/wp\/v2\/media?parent=3735"}],"curies":[{"name":"wp","href":"https:\/\/api.w.org\/{rel}","templated":true}]}}